{"id":1223,"date":"2025-01-07T12:25:45","date_gmt":"2025-01-07T10:25:45","guid":{"rendered":"https:\/\/mengdyrboel.com\/?page_id=1223"},"modified":"2026-03-10T15:34:35","modified_gmt":"2026-03-10T13:34:35","slug":"studentermedhjaelper","status":"publish","type":"page","link":"https:\/\/mengdyrboel.com\/en\/studentermedhjaelper\/","title":{"rendered":"Student Assistant"},"content":{"rendered":"<div data-elementor-type=\"wp-page\" data-elementor-id=\"1223\" class=\"elementor elementor-1223\" data-elementor-post-type=\"page\">\n\t\t\t\t<div class=\"elementor-element elementor-element-7baa47c e-flex e-con-boxed e-con e-parent\" data-id=\"7baa47c\" data-element_type=\"container\" data-e-type=\"container\">\n\t\t\t\t\t<div class=\"e-con-inner\">\n\t\t\t\t\t<\/div>\n\t\t\t\t<\/div>\n\t\t<div class=\"elementor-element elementor-element-7237c3c e-flex e-con-boxed e-con e-parent\" data-id=\"7237c3c\" data-element_type=\"container\" data-e-type=\"container\">\n\t\t\t\t\t<div class=\"e-con-inner\">\n\t\t\t\t\t<\/div>\n\t\t\t\t<\/div>\n\t\t<div class=\"elementor-element elementor-element-0bba951 e-flex e-con-boxed e-con e-parent\" data-id=\"0bba951\" data-element_type=\"container\" data-e-type=\"container\">\n\t\t\t\t\t<div class=\"e-con-inner\">\n\t\t\t\t\t<\/div>\n\t\t\t\t<\/div>\n\t\t\t\t<section class=\"elementor-section elementor-top-section elementor-element elementor-element-2fd6e6b9 elementor-section-height-min-height elementor-section-boxed elementor-section-height-default elementor-section-items-middle\" data-id=\"2fd6e6b9\" data-element_type=\"section\" data-e-type=\"section\" data-settings=\"{&quot;background_background&quot;:&quot;classic&quot;}\">\n\t\t\t\t\t\t\t<div class=\"elementor-background-overlay\"><\/div>\n\t\t\t\t\t\t\t<div class=\"elementor-container elementor-column-gap-default\">\n\t\t\t\t\t<div class=\"elementor-column elementor-col-100 elementor-top-column elementor-element elementor-element-35eb8394\" data-id=\"35eb8394\" data-element_type=\"column\" data-e-type=\"column\">\n\t\t\t<div class=\"elementor-widget-wrap elementor-element-populated\">\n\t\t\t\t\t\t<div class=\"elementor-element elementor-element-6f16ee88 animated-slow elementor-invisible elementor-widget elementor-widget-heading\" data-id=\"6f16ee88\" data-element_type=\"widget\" data-e-type=\"widget\" data-settings=\"{&quot;_animation&quot;:&quot;fadeIn&quot;}\" data-widget_type=\"heading.default\">\n\t\t\t\t<div class=\"elementor-widget-container\">\n\t\t\t\t\t<h1 class=\"elementor-heading-title elementor-size-default\">Student Assistant<\/h1>\t\t\t\t<\/div>\n\t\t\t\t<\/div>\n\t\t\t\t<div class=\"elementor-element elementor-element-2baf46ea animated-slow elementor-invisible elementor-widget elementor-widget-heading\" data-id=\"2baf46ea\" data-element_type=\"widget\" data-e-type=\"widget\" data-settings=\"{&quot;_animation&quot;:&quot;fadeIn&quot;}\" data-widget_type=\"heading.default\">\n\t\t\t\t<div class=\"elementor-widget-container\">\n\t\t\t\t\t<h2 class=\"elementor-heading-title elementor-size-default\">Are you our new student assistant? Do you want to develop your skills in a growing company and combine your theoretical knowledge with practical experience in finance and accounting? Are you motivated by taking on responsibility, delivering high quality, and being part of an engaged team? Then you might be Meng &amp; Dyrb\u00f8l\u2019s next student assistant.<\/h2>\t\t\t\t<\/div>\n\t\t\t\t<\/div>\n\t\t\t\t<div class=\"elementor-element elementor-element-b47d4ed elementor-widget elementor-widget-spacer\" data-id=\"b47d4ed\" data-element_type=\"widget\" data-e-type=\"widget\" data-widget_type=\"spacer.default\">\n\t\t\t\t<div class=\"elementor-widget-container\">\n\t\t\t\t\t\t\t<div class=\"elementor-spacer\">\n\t\t\t<div class=\"elementor-spacer-inner\"><\/div>\n\t\t<\/div>\n\t\t\t\t\t\t<\/div>\n\t\t\t\t<\/div>\n\t\t\t\t<section class=\"elementor-section elementor-inner-section elementor-element elementor-element-1b3c1167 elementor-section-boxed elementor-section-height-default elementor-section-height-default\" data-id=\"1b3c1167\" data-element_type=\"section\" data-e-type=\"section\">\n\t\t\t\t\t\t<div class=\"elementor-container elementor-column-gap-default\">\n\t\t\t\t\t<div class=\"elementor-column elementor-col-50 elementor-inner-column elementor-element elementor-element-6e780df3\" data-id=\"6e780df3\" data-element_type=\"column\" data-e-type=\"column\">\n\t\t\t<div class=\"elementor-widget-wrap elementor-element-populated\">\n\t\t\t\t\t\t<div class=\"elementor-element elementor-element-84db6d2 elementor-widget__width-initial elementor-widget elementor-widget-text-editor\" data-id=\"84db6d2\" data-element_type=\"widget\" data-e-type=\"widget\" data-widget_type=\"text-editor.default\">\n\t\t\t\t<div class=\"elementor-widget-container\">\n\t\t\t\t\t\t\t\t\t<p style=\"font-size: 16px; font-style: normal; font-weight: 400; color: #000000; font-family: 'Open Sans', sans-serif;\"><span style=\"font-weight: bold;\">En del af teamet<br \/><\/span>Hos Meng&amp;Dyrb\u00f8l f\u00e5r du mulighed for at arbejde bredt med regnskab og \u00f8konomi, da du hj\u00e6lper med at st\u00f8tte regnskabsfunktionen for de mange virksomheder, som vi r\u00e5dgiver. Vi r\u00e5dgiver alt fra restauranter og k\u00f8rerl\u00e6rere til Holdingselskaber, som alle har forskellige behov og forretningsgange.<\/p><p style=\"font-size: 16px; font-style: normal; font-weight: 400; color: #000000; font-family: 'Open Sans', sans-serif;\">As a student assistant at Meng &amp; Dyrb\u00f8l, you can look forward to a varied and challenging student job where you will take part in the following tasks:<\/p><ul style=\"font-size: 16px; font-style: normal; font-weight: 400; color: #000000; font-family: 'Open Sans', sans-serif;\"><li style=\"font-size: 16px;\">Bookkeeping<\/li><li style=\"font-size: 16px;\">Accounts receivable and accounts payable management<\/li><li style=\"font-size: 16px;\">Preparation and reporting of VAT<\/li><li style=\"font-size: 16px;\">Payroll administration<\/li><li style=\"font-size: 16px;\">Preparation of documentation for audit<\/li><li style=\"font-size: 16px;\">General marketing tasks<\/li><li style=\"font-size: 16px;\">Various ad hoc tasks<\/li><\/ul><p style=\"font-size: 16px; font-style: normal; font-weight: 400; color: #000000; font-family: 'Open Sans', sans-serif;\"><span style=\"font-weight: bold;\">Small company \u2013 big opportunities<\/span><\/p><p style=\"font-size: 16px; font-style: normal; font-weight: 400; color: #000000; font-family: 'Open Sans', sans-serif;\">When you become part of Meng &amp; Dyrb\u00f8l, you will be part of a strong team. The advantage of being a smaller company is that, as a student assistant, you will be given larger tasks and greater responsibility. This will take place in close collaboration with all employees, as working closely together is a natural part of being part of the company. This is important to us because we believe that the best results are achieved together. At Meng &amp; Dyrb\u00f8l, we place great importance on the social environment and always focus on ensuring that everyone feels well and thrives, both socially and professionally.<\/p><p style=\"font-size: 16px; font-style: normal; font-weight: 400; color: #000000; font-family: 'Open Sans', sans-serif;\"><span style=\"font-weight: bold;\">Drive and being a good colleague<\/span><\/p><p style=\"font-size: 16px; font-style: normal; font-weight: 400; color: #000000; font-family: 'Open Sans', sans-serif;\">Vi er p\u00e5 udkig efter en kreativ og iderig kollega, der l\u00e6ser p\u00e5 en videreg\u00e5ende uddannelse inden for \u00f8konomi. Vi forventer ikke, at du kan det hele fra start, men at du har g\u00e5-p\u00e5-mod, er pligtopfyldende og en god kollega. Du f\u00e5r fleksible rammer og mulighed for selv at pr\u00e6ge din hverdag \u2013 b\u00e5de socialt og fagligt.\u00a0<\/p><p style=\"font-size: 16px; font-style: normal; font-weight: 400; color: #000000; font-family: 'Open Sans', sans-serif;\">Vi holder til p\u00e5 amager strandvej<span style=\"font-style: inherit; font-weight: inherit;\">, hvor vi har et dejligt kontor, i en stor kontorbygning fyldt med mindre kontorer, med gode omgivelser.<\/span><\/p>\t\t\t\t\t\t\t\t<\/div>\n\t\t\t\t<\/div>\n\t\t\t\t<div class=\"elementor-element elementor-element-5fcb99ee elementor-widget elementor-widget-spacer\" data-id=\"5fcb99ee\" data-element_type=\"widget\" data-e-type=\"widget\" data-widget_type=\"spacer.default\">\n\t\t\t\t<div class=\"elementor-widget-container\">\n\t\t\t\t\t\t\t<div class=\"elementor-spacer\">\n\t\t\t<div class=\"elementor-spacer-inner\"><\/div>\n\t\t<\/div>\n\t\t\t\t\t\t<\/div>\n\t\t\t\t<\/div>\n\t\t\t\t\t<\/div>\n\t\t<\/div>\n\t\t\t\t<div class=\"elementor-column elementor-col-50 elementor-inner-column elementor-element elementor-element-67dea7f6\" data-id=\"67dea7f6\" data-element_type=\"column\" data-e-type=\"column\">\n\t\t\t<div class=\"elementor-widget-wrap elementor-element-populated\">\n\t\t\t\t\t\t<div class=\"elementor-element elementor-element-6a6fc03a elementor-invisible elementor-widget elementor-widget-image\" data-id=\"6a6fc03a\" data-element_type=\"widget\" data-e-type=\"widget\" data-settings=\"{&quot;_animation&quot;:&quot;fadeInUp&quot;}\" data-widget_type=\"image.default\">\n\t\t\t\t<div class=\"elementor-widget-container\">\n\t\t\t\t\t\t\t\t\t\t\t\t\t\t\t<img fetchpriority=\"high\" decoding=\"async\" width=\"1190\" height=\"615\" src=\"https:\/\/mengdyrboel.com\/wp-content\/uploads\/2026\/02\/Skaermbillede-2026-02-25-132324.png\" class=\"attachment-full size-full wp-image-2074\" alt=\"\" srcset=\"https:\/\/mengdyrboel.com\/wp-content\/uploads\/2026\/02\/Skaermbillede-2026-02-25-132324.png 1190w, https:\/\/mengdyrboel.com\/wp-content\/uploads\/2026\/02\/Skaermbillede-2026-02-25-132324-300x155.png 300w, https:\/\/mengdyrboel.com\/wp-content\/uploads\/2026\/02\/Skaermbillede-2026-02-25-132324-1024x529.png 1024w, https:\/\/mengdyrboel.com\/wp-content\/uploads\/2026\/02\/Skaermbillede-2026-02-25-132324-768x397.png 768w\" sizes=\"(max-width: 1190px) 100vw, 1190px\" \/>\t\t\t\t\t\t\t\t\t\t\t\t\t\t\t<\/div>\n\t\t\t\t<\/div>\n\t\t\t\t<div class=\"elementor-element elementor-element-5e795f3 elementor-widget elementor-widget-text-editor\" data-id=\"5e795f3\" data-element_type=\"widget\" data-e-type=\"widget\" data-widget_type=\"text-editor.default\">\n\t\t\t\t<div class=\"elementor-widget-container\">\n\t\t\t\t\t\t\t\t\t<p><strong>A growing company<\/strong><\/p><p>Meng &amp; Dyrb\u00f8l is a young and growing company that helps private individuals as well as small and medium-sized enterprises with bookkeeping, including payroll administration, preparation and reporting of VAT, preparation and filing of annual accounts, as well as submission of tax returns to SKAT.\u00a0<\/p><p>The mission is to create the greatest possible value for our clients by being an engaged and professional partner. Your colleagues include experienced auditors with Cand.merc.aud. degrees who have many years of experience from well-established and reputable accounting firms.<\/p>\t\t\t\t\t\t\t\t<\/div>\n\t\t\t\t<\/div>\n\t\t\t\t<div class=\"elementor-element elementor-element-a3c9902 elementor-widget elementor-widget-spacer\" data-id=\"a3c9902\" data-element_type=\"widget\" data-e-type=\"widget\" data-widget_type=\"spacer.default\">\n\t\t\t\t<div class=\"elementor-widget-container\">\n\t\t\t\t\t\t\t<div class=\"elementor-spacer\">\n\t\t\t<div class=\"elementor-spacer-inner\"><\/div>\n\t\t<\/div>\n\t\t\t\t\t\t<\/div>\n\t\t\t\t<\/div>\n\t\t\t\t\t<\/div>\n\t\t<\/div>\n\t\t\t\t\t<\/div>\n\t\t<\/section>\n\t\t\t\t<div class=\"elementor-element elementor-element-a112264 elementor-widget-divider--view-line elementor-widget elementor-widget-divider\" data-id=\"a112264\" data-element_type=\"widget\" data-e-type=\"widget\" data-widget_type=\"divider.default\">\n\t\t\t\t<div class=\"elementor-widget-container\">\n\t\t\t\t\t\t\t<div class=\"elementor-divider\">\n\t\t\t<span class=\"elementor-divider-separator\">\n\t\t\t\t\t\t<\/span>\n\t\t<\/div>\n\t\t\t\t\t\t<\/div>\n\t\t\t\t<\/div>\n\t\t\t\t<div class=\"elementor-element elementor-element-1afbebc elementor-widget elementor-widget-text-editor\" data-id=\"1afbebc\" data-element_type=\"widget\" data-e-type=\"widget\" data-widget_type=\"text-editor.default\">\n\t\t\t\t<div class=\"elementor-widget-container\">\n\t\t\t\t\t\t\t\t\t<p><strong>Are you the one we are looking for at Meng &amp; Dyrb\u00f8l?<\/strong><br \/><em>If you have any questions, you can contact us at +45 53 37 64 10 or email us at<\/em> kontakt@mengdyrboel.com<\/p><p><em>Send your application and your CV to the same email address.<\/em><\/p><p><strong>We look forward to hearing from you.\u00a0<\/strong><\/p>\t\t\t\t\t\t\t\t<\/div>\n\t\t\t\t<\/div>\n\t\t\t\t\t<\/div>\n\t\t<\/div>\n\t\t\t\t\t<\/div>\n\t\t<\/section>\n\t\t\t\t<\/div>","protected":false},"excerpt":{"rendered":"<p>Studentermedhj\u00e6lper Er du vores nye studentermedhj\u00e6lper? Vil du udvikle dig i en virksomhed i v\u00e6kst og koble din teoretiske viden [&hellip;]<\/p>\n","protected":false},"author":3,"featured_media":0,"parent":0,"menu_order":0,"comment_status":"closed","ping_status":"closed","template":"","meta":{"inline_featured_image":false,"site-sidebar-layout":"no-sidebar","site-content-layout":"","ast-site-content-layout":"full-width-container","site-content-style":"default","site-sidebar-style":"default","ast-global-header-display":"","ast-banner-title-visibility":"","ast-main-header-display":"","ast-hfb-above-header-display":"","ast-hfb-below-header-display":"","ast-hfb-mobile-header-display":"","site-post-title":"disabled","ast-breadcrumbs-content":"","ast-featured-img":"disabled","footer-sml-layout":"","theme-transparent-header-meta":"","adv-header-id-meta":"","stick-header-meta":"","header-above-stick-meta":"","header-main-stick-meta":"","header-below-stick-meta":"","astra-migrate-meta-layouts":"default","ast-page-background-enabled":"default","ast-page-background-meta":{"desktop":{"background-color":"var(--ast-global-color-4)","background-image":"","background-repeat":"repeat","background-position":"center center","background-size":"auto","background-attachment":"scroll","background-type":"","background-media":"","overlay-type":"","overlay-color":"","overlay-opacity":"","overlay-gradient":""},"tablet":{"background-color":"","background-image":"","background-repeat":"repeat","background-position":"center center","background-size":"auto","background-attachment":"scroll","background-type":"","background-media":"","overlay-type":"","overlay-color":"","overlay-opacity":"","overlay-gradient":""},"mobile":{"background-color":"","background-image":"","background-repeat":"repeat","background-position":"center center","background-size":"auto","background-attachment":"scroll","background-type":"","background-media":"","overlay-type":"","overlay-color":"","overlay-opacity":"","overlay-gradient":""}},"ast-content-background-meta":{"desktop":{"background-color":"var(--ast-global-color-5)","background-image":"","background-repeat":"repeat","background-position":"center center","background-size":"auto","background-attachment":"scroll","background-type":"","background-media":"","overlay-type":"","overlay-color":"","overlay-opacity":"","overlay-gradient":""},"tablet":{"background-color":"var(--ast-global-color-5)","background-image":"","background-repeat":"repeat","background-position":"center center","background-size":"auto","background-attachment":"scroll","background-type":"","background-media":"","overlay-type":"","overlay-color":"","overlay-opacity":"","overlay-gradient":""},"mobile":{"background-color":"var(--ast-global-color-5)","background-image":"","background-repeat":"repeat","background-position":"center center","background-size":"auto","background-attachment":"scroll","background-type":"","background-media":"","overlay-type":"","overlay-color":"","overlay-opacity":"","overlay-gradient":""}},"footnotes":""},"class_list":["post-1223","page","type-page","status-publish","hentry"],"yoast_head":"<!-- This site is optimized with the Yoast SEO plugin v27.5 - https:\/\/yoast.com\/product\/yoast-seo-wordpress\/ -->\n<title>Studentermedhj\u00e6lper - Meng &amp; Dyrb\u00f8l<\/title>\n<meta name=\"robots\" content=\"index, follow, max-snippet:-1, max-image-preview:large, max-video-preview:-1\" \/>\n<link rel=\"canonical\" href=\"https:\/\/mengdyrboel.com\/en\/studentermedhjaelper\/\" \/>\n<meta property=\"og:locale\" content=\"en_US\" \/>\n<meta property=\"og:type\" content=\"article\" \/>\n<meta property=\"og:title\" content=\"Studentermedhj\u00e6lper - Meng &amp; Dyrb\u00f8l\" \/>\n<meta property=\"og:description\" content=\"Studentermedhj\u00e6lper Er du vores nye studentermedhj\u00e6lper? Vil du udvikle dig i en virksomhed i v\u00e6kst og koble din teoretiske viden [&hellip;]\" \/>\n<meta property=\"og:url\" content=\"https:\/\/mengdyrboel.com\/en\/studentermedhjaelper\/\" \/>\n<meta property=\"og:site_name\" content=\"Meng &amp; Dyrb\u00f8l\" \/>\n<meta property=\"article:modified_time\" content=\"2026-03-10T13:34:35+00:00\" \/>\n<meta property=\"og:image\" content=\"https:\/\/mengdyrboel.com\/wp-content\/uploads\/2026\/02\/Skaermbillede-2026-02-25-132324.png\" \/>\n\t<meta property=\"og:image:width\" content=\"1190\" \/>\n\t<meta property=\"og:image:height\" content=\"615\" \/>\n\t<meta property=\"og:image:type\" content=\"image\/png\" \/>\n<meta name=\"twitter:card\" content=\"summary_large_image\" \/>\n<meta name=\"twitter:label1\" content=\"Est. reading time\" \/>\n\t<meta name=\"twitter:data1\" content=\"3 minutes\" \/>\n<script type=\"application\/ld+json\" class=\"yoast-schema-graph\">{\"@context\":\"https:\\\/\\\/schema.org\",\"@graph\":[{\"@type\":\"WebPage\",\"@id\":\"https:\\\/\\\/mengdyrboel.com\\\/studentermedhjaelper\\\/\",\"url\":\"https:\\\/\\\/mengdyrboel.com\\\/studentermedhjaelper\\\/\",\"name\":\"Studentermedhj\u00e6lper - Meng &amp; Dyrb\u00f8l\",\"isPartOf\":{\"@id\":\"https:\\\/\\\/mengdyrboel.com\\\/#website\"},\"primaryImageOfPage\":{\"@id\":\"https:\\\/\\\/mengdyrboel.com\\\/studentermedhjaelper\\\/#primaryimage\"},\"image\":{\"@id\":\"https:\\\/\\\/mengdyrboel.com\\\/studentermedhjaelper\\\/#primaryimage\"},\"thumbnailUrl\":\"https:\\\/\\\/mengdyrboel.com\\\/wp-content\\\/uploads\\\/2026\\\/02\\\/Skaermbillede-2026-02-25-132324.png\",\"datePublished\":\"2025-01-07T10:25:45+00:00\",\"dateModified\":\"2026-03-10T13:34:35+00:00\",\"breadcrumb\":{\"@id\":\"https:\\\/\\\/mengdyrboel.com\\\/studentermedhjaelper\\\/#breadcrumb\"},\"inLanguage\":\"en-US\",\"potentialAction\":[{\"@type\":\"ReadAction\",\"target\":[\"https:\\\/\\\/mengdyrboel.com\\\/studentermedhjaelper\\\/\"]}]},{\"@type\":\"ImageObject\",\"inLanguage\":\"en-US\",\"@id\":\"https:\\\/\\\/mengdyrboel.com\\\/studentermedhjaelper\\\/#primaryimage\",\"url\":\"https:\\\/\\\/mengdyrboel.com\\\/wp-content\\\/uploads\\\/2026\\\/02\\\/Skaermbillede-2026-02-25-132324.png\",\"contentUrl\":\"https:\\\/\\\/mengdyrboel.com\\\/wp-content\\\/uploads\\\/2026\\\/02\\\/Skaermbillede-2026-02-25-132324.png\"},{\"@type\":\"BreadcrumbList\",\"@id\":\"https:\\\/\\\/mengdyrboel.com\\\/studentermedhjaelper\\\/#breadcrumb\",\"itemListElement\":[{\"@type\":\"ListItem\",\"position\":1,\"name\":\"Hjem\",\"item\":\"https:\\\/\\\/mengdyrboel.com\\\/\"},{\"@type\":\"ListItem\",\"position\":2,\"name\":\"Studentermedhj\u00e6lper\"}]},{\"@type\":\"WebSite\",\"@id\":\"https:\\\/\\\/mengdyrboel.com\\\/#website\",\"url\":\"https:\\\/\\\/mengdyrboel.com\\\/\",\"name\":\"Meng & Dyrb\u00f8l\",\"description\":\"Your trusted finance partner\",\"publisher\":{\"@id\":\"https:\\\/\\\/mengdyrboel.com\\\/#organization\"},\"potentialAction\":[{\"@type\":\"SearchAction\",\"target\":{\"@type\":\"EntryPoint\",\"urlTemplate\":\"https:\\\/\\\/mengdyrboel.com\\\/?s={search_term_string}\"},\"query-input\":{\"@type\":\"PropertyValueSpecification\",\"valueRequired\":true,\"valueName\":\"search_term_string\"}}],\"inLanguage\":\"en-US\"},{\"@type\":\"Organization\",\"@id\":\"https:\\\/\\\/mengdyrboel.com\\\/#organization\",\"name\":\"Meng & Dyrb\u00f8l ApS\",\"url\":\"https:\\\/\\\/mengdyrboel.com\\\/\",\"logo\":{\"@type\":\"ImageObject\",\"inLanguage\":\"en-US\",\"@id\":\"https:\\\/\\\/mengdyrboel.com\\\/#\\\/schema\\\/logo\\\/image\\\/\",\"url\":\"https:\\\/\\\/mengdyrboel.com\\\/wp-content\\\/uploads\\\/2024\\\/09\\\/M-1.png\",\"contentUrl\":\"https:\\\/\\\/mengdyrboel.com\\\/wp-content\\\/uploads\\\/2024\\\/09\\\/M-1.png\",\"width\":500,\"height\":500,\"caption\":\"Meng & Dyrb\u00f8l ApS\"},\"image\":{\"@id\":\"https:\\\/\\\/mengdyrboel.com\\\/#\\\/schema\\\/logo\\\/image\\\/\"}}]}<\/script>\n<!-- \/ Yoast SEO plugin. -->","yoast_head_json":{"title":"Studentermedhj\u00e6lper - Meng &amp; Dyrb\u00f8l","robots":{"index":"index","follow":"follow","max-snippet":"max-snippet:-1","max-image-preview":"max-image-preview:large","max-video-preview":"max-video-preview:-1"},"canonical":"https:\/\/mengdyrboel.com\/en\/studentermedhjaelper\/","og_locale":"en_US","og_type":"article","og_title":"Studentermedhj\u00e6lper - Meng &amp; Dyrb\u00f8l","og_description":"Studentermedhj\u00e6lper Er du vores nye studentermedhj\u00e6lper? Vil du udvikle dig i en virksomhed i v\u00e6kst og koble din teoretiske viden [&hellip;]","og_url":"https:\/\/mengdyrboel.com\/en\/studentermedhjaelper\/","og_site_name":"Meng &amp; Dyrb\u00f8l","article_modified_time":"2026-03-10T13:34:35+00:00","og_image":[{"width":1190,"height":615,"url":"https:\/\/mengdyrboel.com\/wp-content\/uploads\/2026\/02\/Skaermbillede-2026-02-25-132324.png","type":"image\/png"}],"twitter_card":"summary_large_image","twitter_misc":{"Est. reading time":"3 minutes"},"schema":{"@context":"https:\/\/schema.org","@graph":[{"@type":"WebPage","@id":"https:\/\/mengdyrboel.com\/studentermedhjaelper\/","url":"https:\/\/mengdyrboel.com\/studentermedhjaelper\/","name":"Studentermedhj\u00e6lper - Meng &amp; Dyrb\u00f8l","isPartOf":{"@id":"https:\/\/mengdyrboel.com\/#website"},"primaryImageOfPage":{"@id":"https:\/\/mengdyrboel.com\/studentermedhjaelper\/#primaryimage"},"image":{"@id":"https:\/\/mengdyrboel.com\/studentermedhjaelper\/#primaryimage"},"thumbnailUrl":"https:\/\/mengdyrboel.com\/wp-content\/uploads\/2026\/02\/Skaermbillede-2026-02-25-132324.png","datePublished":"2025-01-07T10:25:45+00:00","dateModified":"2026-03-10T13:34:35+00:00","breadcrumb":{"@id":"https:\/\/mengdyrboel.com\/studentermedhjaelper\/#breadcrumb"},"inLanguage":"en-US","potentialAction":[{"@type":"ReadAction","target":["https:\/\/mengdyrboel.com\/studentermedhjaelper\/"]}]},{"@type":"ImageObject","inLanguage":"en-US","@id":"https:\/\/mengdyrboel.com\/studentermedhjaelper\/#primaryimage","url":"https:\/\/mengdyrboel.com\/wp-content\/uploads\/2026\/02\/Skaermbillede-2026-02-25-132324.png","contentUrl":"https:\/\/mengdyrboel.com\/wp-content\/uploads\/2026\/02\/Skaermbillede-2026-02-25-132324.png"},{"@type":"BreadcrumbList","@id":"https:\/\/mengdyrboel.com\/studentermedhjaelper\/#breadcrumb","itemListElement":[{"@type":"ListItem","position":1,"name":"Hjem","item":"https:\/\/mengdyrboel.com\/"},{"@type":"ListItem","position":2,"name":"Studentermedhj\u00e6lper"}]},{"@type":"WebSite","@id":"https:\/\/mengdyrboel.com\/#website","url":"https:\/\/mengdyrboel.com\/","name":"Meng & Dyrb\u00f8l","description":"Your trusted finance partner","publisher":{"@id":"https:\/\/mengdyrboel.com\/#organization"},"potentialAction":[{"@type":"SearchAction","target":{"@type":"EntryPoint","urlTemplate":"https:\/\/mengdyrboel.com\/?s={search_term_string}"},"query-input":{"@type":"PropertyValueSpecification","valueRequired":true,"valueName":"search_term_string"}}],"inLanguage":"en-US"},{"@type":"Organization","@id":"https:\/\/mengdyrboel.com\/#organization","name":"Meng & Dyrb\u00f8l ApS","url":"https:\/\/mengdyrboel.com\/","logo":{"@type":"ImageObject","inLanguage":"en-US","@id":"https:\/\/mengdyrboel.com\/#\/schema\/logo\/image\/","url":"https:\/\/mengdyrboel.com\/wp-content\/uploads\/2024\/09\/M-1.png","contentUrl":"https:\/\/mengdyrboel.com\/wp-content\/uploads\/2024\/09\/M-1.png","width":500,"height":500,"caption":"Meng & Dyrb\u00f8l ApS"},"image":{"@id":"https:\/\/mengdyrboel.com\/#\/schema\/logo\/image\/"}}]}},"_links":{"self":[{"href":"https:\/\/mengdyrboel.com\/en\/wp-json\/wp\/v2\/pages\/1223","targetHints":{"allow":["GET"]}}],"collection":[{"href":"https:\/\/mengdyrboel.com\/en\/wp-json\/wp\/v2\/pages"}],"about":[{"href":"https:\/\/mengdyrboel.com\/en\/wp-json\/wp\/v2\/types\/page"}],"author":[{"embeddable":true,"href":"https:\/\/mengdyrboel.com\/en\/wp-json\/wp\/v2\/users\/3"}],"replies":[{"embeddable":true,"href":"https:\/\/mengdyrboel.com\/en\/wp-json\/wp\/v2\/comments?post=1223"}],"version-history":[{"count":15,"href":"https:\/\/mengdyrboel.com\/en\/wp-json\/wp\/v2\/pages\/1223\/revisions"}],"predecessor-version":[{"id":2155,"href":"https:\/\/mengdyrboel.com\/en\/wp-json\/wp\/v2\/pages\/1223\/revisions\/2155"}],"wp:attachment":[{"href":"https:\/\/mengdyrboel.com\/en\/wp-json\/wp\/v2\/media?parent=1223"}],"curies":[{"name":"wp","href":"https:\/\/api.w.org\/{rel}","templated":true}]}}