{"id":1204,"date":"2025-01-07T09:34:58","date_gmt":"2025-01-07T07:34:58","guid":{"rendered":"https:\/\/mengdyrboel.com\/?page_id=1204"},"modified":"2026-03-10T15:37:04","modified_gmt":"2026-03-10T13:37:04","slug":"karriere","status":"publish","type":"page","link":"https:\/\/mengdyrboel.com\/en\/karriere\/","title":{"rendered":"Accounting trainee"},"content":{"rendered":"<div data-elementor-type=\"wp-page\" data-elementor-id=\"1204\" class=\"elementor elementor-1204\" data-elementor-post-type=\"page\">\n\t\t\t\t\t\t<section class=\"elementor-section elementor-top-section elementor-element elementor-element-3073ce98 elementor-section-height-min-height elementor-section-boxed elementor-section-height-default elementor-section-items-middle\" data-id=\"3073ce98\" data-element_type=\"section\" data-e-type=\"section\" data-settings=\"{&quot;background_background&quot;:&quot;classic&quot;}\">\n\t\t\t\t\t\t\t<div class=\"elementor-background-overlay\"><\/div>\n\t\t\t\t\t\t\t<div class=\"elementor-container elementor-column-gap-default\">\n\t\t\t\t\t<div class=\"elementor-column elementor-col-100 elementor-top-column elementor-element elementor-element-3b815a1\" data-id=\"3b815a1\" data-element_type=\"column\" data-e-type=\"column\">\n\t\t\t<div class=\"elementor-widget-wrap elementor-element-populated\">\n\t\t\t\t\t\t<div class=\"elementor-element elementor-element-3739a067 animated-slow elementor-invisible elementor-widget elementor-widget-heading\" data-id=\"3739a067\" data-element_type=\"widget\" data-e-type=\"widget\" data-settings=\"{&quot;_animation&quot;:&quot;fadeIn&quot;}\" data-widget_type=\"heading.default\">\n\t\t\t\t<div class=\"elementor-widget-container\">\n\t\t\t\t\t<h1 class=\"elementor-heading-title elementor-size-default\">Accounting and Finance Trainee <\/h1>\t\t\t\t<\/div>\n\t\t\t\t<\/div>\n\t\t\t\t<div class=\"elementor-element elementor-element-31e90bd2 animated-slow elementor-invisible elementor-widget elementor-widget-heading\" data-id=\"31e90bd2\" data-element_type=\"widget\" data-e-type=\"widget\" data-settings=\"{&quot;_animation&quot;:&quot;fadeIn&quot;}\" data-widget_type=\"heading.default\">\n\t\t\t\t<div class=\"elementor-widget-container\">\n\t\t\t\t\t<h2 class=\"elementor-heading-title elementor-size-default\">Are you our new accounting and finance trainee? Do you want to develop your skills, take on responsibility, and combine your theoretical knowledge with practical experience in finance and accounting? Then you might be Meng &amp; Dyrb\u00f8l\u2019s new accounting and finance trainee.<\/h2>\t\t\t\t<\/div>\n\t\t\t\t<\/div>\n\t\t\t\t<div class=\"elementor-element elementor-element-3d3ee410 elementor-widget elementor-widget-spacer\" data-id=\"3d3ee410\" data-element_type=\"widget\" data-e-type=\"widget\" data-widget_type=\"spacer.default\">\n\t\t\t\t<div class=\"elementor-widget-container\">\n\t\t\t\t\t\t\t<div class=\"elementor-spacer\">\n\t\t\t<div class=\"elementor-spacer-inner\"><\/div>\n\t\t<\/div>\n\t\t\t\t\t\t<\/div>\n\t\t\t\t<\/div>\n\t\t\t\t<section class=\"elementor-section elementor-inner-section elementor-element elementor-element-786b5121 elementor-section-boxed elementor-section-height-default elementor-section-height-default\" data-id=\"786b5121\" data-element_type=\"section\" data-e-type=\"section\">\n\t\t\t\t\t\t<div class=\"elementor-container elementor-column-gap-default\">\n\t\t\t\t\t<div class=\"elementor-column elementor-col-50 elementor-inner-column elementor-element elementor-element-6d41dd9b\" data-id=\"6d41dd9b\" data-element_type=\"column\" data-e-type=\"column\">\n\t\t\t<div class=\"elementor-widget-wrap elementor-element-populated\">\n\t\t\t\t\t\t<div class=\"elementor-element elementor-element-6e8b71eb elementor-widget__width-initial elementor-invisible elementor-widget elementor-widget-text-editor\" data-id=\"6e8b71eb\" data-element_type=\"widget\" data-e-type=\"widget\" data-settings=\"{&quot;_animation&quot;:&quot;fadeIn&quot;}\" data-widget_type=\"text-editor.default\">\n\t\t\t\t<div class=\"elementor-widget-container\">\n\t\t\t\t\t\t\t\t\t<p><b>Kickstart your career<\/b><\/p>\n<ul>\n<li>\n<h6>Are you ready to begin your two-year apprenticeship, where you alternate between studying at Niels Brock and working in our company?&nbsp;<\/h6>\n<\/li>\n<li>\n<h6>Can you see the benefits of being a trainee in an accounting firm where you gain significant responsibility and thorough training?&nbsp;<\/h6>\n<\/li>\n<li>\n<h6>And do you want to work with all aspects of finance and accounting?&nbsp;<\/h6>\n<\/li>\n<\/ul>\n<h6>At Meng &amp; Dyrb\u00f8l, you will gain broad experience in accounting and finance, as you will assist with the accounting function for the many companies we advise. These range from restaurants and driving schools to holding companies.&nbsp;<\/h6>\n<h6>We are looking for an accounting and finance trainee who is willing to both work with us and participate in a two-year apprenticeship program. To be considered, you must have completed one of the following educational programs:&nbsp;<\/h6>\n<ul>\n<li>\n<h6>EUX or HHX&nbsp;<\/h6>\n<\/li>\n<li>\n<h6>If you have another upper secondary education, it must be supplemented with a 5-week EUS program.&nbsp;<\/h6>\n<\/li>\n<li>\n<h6>If you have an HG, it must have been started before 2015.<\/h6>\n<\/li>\n<\/ul>\t\t\t\t\t\t\t\t<\/div>\n\t\t\t\t<\/div>\n\t\t\t\t<div class=\"elementor-element elementor-element-7bda1ff elementor-widget__width-initial elementor-widget elementor-widget-text-editor\" data-id=\"7bda1ff\" data-element_type=\"widget\" data-e-type=\"widget\" data-widget_type=\"text-editor.default\">\n\t\t\t\t<div class=\"elementor-widget-container\">\n\t\t\t\t\t\t\t\t\t<p><strong>Take responsibility for a wide range of tasks<\/strong><\/p><p>As an accounting and finance trainee at Meng &amp; Dyrb\u00f8l, you can look forward to a varied and challenging position where you will be responsible for:\u00a0<\/p><ul><li>Bookkeeping of daily vouchers, including bank transactions\u00a0<\/li><li>Accounts receivable and accounts payable management\u00a0<\/li><li>Preparation and reporting of VAT\u00a0<\/li><li>Payroll administration\u00a0<\/li><li>Preparation of documentation for audit\u00a0<\/li><li>Various reconciliation tasks, including the preparation of, for example, a fixed asset register.\u00a0<\/li><\/ul><p>You can also look forward to a range of ad hoc tasks related to the monthly or annual closing.\u00a0<\/p>\t\t\t\t\t\t\t\t<\/div>\n\t\t\t\t<\/div>\n\t\t\t\t\t<\/div>\n\t\t<\/div>\n\t\t\t\t<div class=\"elementor-column elementor-col-50 elementor-inner-column elementor-element elementor-element-7ccc9667\" data-id=\"7ccc9667\" data-element_type=\"column\" data-e-type=\"column\">\n\t\t\t<div class=\"elementor-widget-wrap elementor-element-populated\">\n\t\t\t\t\t\t<div class=\"elementor-element elementor-element-0932c12 elementor-widget elementor-widget-image\" data-id=\"0932c12\" data-element_type=\"widget\" data-e-type=\"widget\" data-widget_type=\"image.default\">\n\t\t\t\t<div class=\"elementor-widget-container\">\n\t\t\t\t\t\t\t\t\t\t\t\t\t\t\t<img decoding=\"async\" src=\"https:\/\/mengdyrboel.com\/wp-content\/uploads\/elementor\/thumbs\/Skaermbillede-2026-02-25-132113-rjoavqm9y0xu8018spcbs0vpqp35rpsp2n311jn6i8.png\" title=\"Sk\u00e6rmbillede 2026-02-25 132113\" alt=\"Sk\u00e6rmbillede 2026-02-25 132113\" loading=\"lazy\" \/>\t\t\t\t\t\t\t\t\t\t\t\t\t\t\t<\/div>\n\t\t\t\t<\/div>\n\t\t\t\t<div class=\"elementor-element elementor-element-4026afe elementor-widget elementor-widget-text-editor\" data-id=\"4026afe\" data-element_type=\"widget\" data-e-type=\"widget\" data-widget_type=\"text-editor.default\">\n\t\t\t\t<div class=\"elementor-widget-container\">\n\t\t\t\t\t\t\t\t\t<p><strong>A growing company<\/strong><\/p><p>Meng &amp; Dyrb\u00f8l is a young and growing company that helps private individuals as well as small and medium-sized enterprises with bookkeeping, including payroll administration, preparation and reporting of VAT, preparation and filing of annual accounts, as well as submission of tax returns to SKAT.\u00a0<\/p><p>The mission is to create the greatest possible value for our clients by being an engaged and professional partner. Your colleagues include experienced auditors with Cand.merc.aud. degrees who have many years of experience from well-established and reputable accounting firms.<\/p>\t\t\t\t\t\t\t\t<\/div>\n\t\t\t\t<\/div>\n\t\t\t\t<div class=\"elementor-element elementor-element-2b91a39 elementor-widget elementor-widget-spacer\" data-id=\"2b91a39\" data-element_type=\"widget\" data-e-type=\"widget\" data-widget_type=\"spacer.default\">\n\t\t\t\t<div class=\"elementor-widget-container\">\n\t\t\t\t\t\t\t<div class=\"elementor-spacer\">\n\t\t\t<div class=\"elementor-spacer-inner\"><\/div>\n\t\t<\/div>\n\t\t\t\t\t\t<\/div>\n\t\t\t\t<\/div>\n\t\t\t\t<div class=\"elementor-element elementor-element-20e6ee1 elementor-widget__width-initial elementor-widget elementor-widget-image\" data-id=\"20e6ee1\" data-element_type=\"widget\" data-e-type=\"widget\" data-widget_type=\"image.default\">\n\t\t\t\t<div class=\"elementor-widget-container\">\n\t\t\t\t\t\t\t\t\t\t\t\t\t\t\t<img decoding=\"async\" src=\"https:\/\/mengdyrboel.com\/wp-content\/uploads\/elementor\/thumbs\/Meng-Dyrboel-Logo-3-rkazw3e62l5zgn4sz7v34rhxsbpf27mgii2lbx0e7c.png\" title=\"Meng &#038; Dyrb\u00f8l Logo (3)\" alt=\"Meng &amp; Dyrb\u00f8l Logo (3)\" loading=\"lazy\" \/>\t\t\t\t\t\t\t\t\t\t\t\t\t\t\t<\/div>\n\t\t\t\t<\/div>\n\t\t\t\t\t<\/div>\n\t\t<\/div>\n\t\t\t\t\t<\/div>\n\t\t<\/section>\n\t\t\t\t<div class=\"elementor-element elementor-element-7b35c0e elementor-widget-divider--view-line elementor-widget elementor-widget-divider\" data-id=\"7b35c0e\" data-element_type=\"widget\" data-e-type=\"widget\" data-widget_type=\"divider.default\">\n\t\t\t\t<div class=\"elementor-widget-container\">\n\t\t\t\t\t\t\t<div class=\"elementor-divider\">\n\t\t\t<span class=\"elementor-divider-separator\">\n\t\t\t\t\t\t<\/span>\n\t\t<\/div>\n\t\t\t\t\t\t<\/div>\n\t\t\t\t<\/div>\n\t\t\t\t<div class=\"elementor-element elementor-element-8fd7137 elementor-widget elementor-widget-text-editor\" data-id=\"8fd7137\" data-element_type=\"widget\" data-e-type=\"widget\" data-widget_type=\"text-editor.default\">\n\t\t\t\t<div class=\"elementor-widget-container\">\n\t\t\t\t\t\t\t\t\t<p><b>Drive and being a good colleague<br \/><\/b>We are looking for an initiative-taking person. We do not expect you to know everything from the start, but that you have drive and are open to learning new things.\u00a0<\/p><p><b>Are you the one we are looking for?<br \/><\/b><em>If you have any questions, you can contact us at +45 53 37 64 10 or email us at kontakt@mengdyrboel.com<\/em><br \/><em>Send your application and your CV to the same email address.<\/em><\/p><p><b>We look forward to hearing from you.\u00a0<\/b><\/p>\t\t\t\t\t\t\t\t<\/div>\n\t\t\t\t<\/div>\n\t\t\t\t\t<\/div>\n\t\t<\/div>\n\t\t\t\t\t<\/div>\n\t\t<\/section>\n\t\t<div class=\"elementor-element elementor-element-9342753 e-flex e-con-boxed e-con e-parent\" data-id=\"9342753\" data-element_type=\"container\" data-e-type=\"container\" data-settings=\"{&quot;background_background&quot;:&quot;gradient&quot;}\">\n\t\t\t\t\t<div class=\"e-con-inner\">\n\t\t\t\t\t<\/div>\n\t\t\t\t<\/div>\n\t\t\t\t<\/div>","protected":false},"excerpt":{"rendered":"<p>\u00d8konomi- og Regnskabselev Er du vores nye \u00f8konomi- og regnskabselev? Vil du udvikle dig, have ansvar og koble din teoretiske [&hellip;]<\/p>\n","protected":false},"author":3,"featured_media":0,"parent":0,"menu_order":0,"comment_status":"closed","ping_status":"closed","template":"","meta":{"inline_featured_image":false,"site-sidebar-layout":"no-sidebar","site-content-layout":"","ast-site-content-layout":"full-width-container","site-content-style":"default","site-sidebar-style":"default","ast-global-header-display":"","ast-banner-title-visibility":"","ast-main-header-display":"","ast-hfb-above-header-display":"","ast-hfb-below-header-display":"","ast-hfb-mobile-header-display":"","site-post-title":"disabled","ast-breadcrumbs-content":"","ast-featured-img":"disabled","footer-sml-layout":"","theme-transparent-header-meta":"","adv-header-id-meta":"","stick-header-meta":"","header-above-stick-meta":"","header-main-stick-meta":"","header-below-stick-meta":"","astra-migrate-meta-layouts":"default","ast-page-background-enabled":"default","ast-page-background-meta":{"desktop":{"background-color":"var(--ast-global-color-4)","background-image":"","background-repeat":"repeat","background-position":"center center","background-size":"auto","background-attachment":"scroll","background-type":"","background-media":"","overlay-type":"","overlay-color":"","overlay-opacity":"","overlay-gradient":""},"tablet":{"background-color":"","background-image":"","background-repeat":"repeat","background-position":"center center","background-size":"auto","background-attachment":"scroll","background-type":"","background-media":"","overlay-type":"","overlay-color":"","overlay-opacity":"","overlay-gradient":""},"mobile":{"background-color":"","background-image":"","background-repeat":"repeat","background-position":"center center","background-size":"auto","background-attachment":"scroll","background-type":"","background-media":"","overlay-type":"","overlay-color":"","overlay-opacity":"","overlay-gradient":""}},"ast-content-background-meta":{"desktop":{"background-color":"var(--ast-global-color-5)","background-image":"","background-repeat":"repeat","background-position":"center center","background-size":"auto","background-attachment":"scroll","background-type":"","background-media":"","overlay-type":"","overlay-color":"","overlay-opacity":"","overlay-gradient":""},"tablet":{"background-color":"var(--ast-global-color-5)","background-image":"","background-repeat":"repeat","background-position":"center center","background-size":"auto","background-attachment":"scroll","background-type":"","background-media":"","overlay-type":"","overlay-color":"","overlay-opacity":"","overlay-gradient":""},"mobile":{"background-color":"var(--ast-global-color-5)","background-image":"","background-repeat":"repeat","background-position":"center center","background-size":"auto","background-attachment":"scroll","background-type":"","background-media":"","overlay-type":"","overlay-color":"","overlay-opacity":"","overlay-gradient":""}},"footnotes":""},"class_list":["post-1204","page","type-page","status-publish","hentry"],"yoast_head":"<!-- This site is optimized with the Yoast SEO plugin v27.5 - https:\/\/yoast.com\/product\/yoast-seo-wordpress\/ -->\n<title>Regnskabselev - Meng &amp; Dyrb\u00f8l<\/title>\n<meta name=\"robots\" content=\"index, follow, max-snippet:-1, max-image-preview:large, max-video-preview:-1\" \/>\n<link rel=\"canonical\" href=\"https:\/\/mengdyrboel.com\/en\/karriere\/\" \/>\n<meta property=\"og:locale\" content=\"en_US\" \/>\n<meta property=\"og:type\" content=\"article\" \/>\n<meta property=\"og:title\" content=\"Regnskabselev - Meng &amp; Dyrb\u00f8l\" \/>\n<meta property=\"og:description\" content=\"\u00d8konomi- og Regnskabselev Er du vores nye \u00f8konomi- og regnskabselev? Vil du udvikle dig, have ansvar og koble din teoretiske [&hellip;]\" \/>\n<meta property=\"og:url\" content=\"https:\/\/mengdyrboel.com\/en\/karriere\/\" \/>\n<meta property=\"og:site_name\" content=\"Meng &amp; Dyrb\u00f8l\" \/>\n<meta property=\"article:modified_time\" content=\"2026-03-10T13:37:04+00:00\" \/>\n<meta property=\"og:image\" content=\"https:\/\/mengdyrboel.com\/wp-content\/uploads\/elementor\/thumbs\/Skaermbillede-2026-02-25-132113-rjoavqm9y0xu8018spcbs0vpqp35rpsp2n311jn5ie.png\" \/>\n<meta name=\"twitter:card\" content=\"summary_large_image\" \/>\n<meta name=\"twitter:label1\" content=\"Est. reading time\" \/>\n\t<meta name=\"twitter:data1\" content=\"3 minutes\" \/>\n<script type=\"application\/ld+json\" class=\"yoast-schema-graph\">{\"@context\":\"https:\\\/\\\/schema.org\",\"@graph\":[{\"@type\":\"WebPage\",\"@id\":\"https:\\\/\\\/mengdyrboel.com\\\/karriere\\\/\",\"url\":\"https:\\\/\\\/mengdyrboel.com\\\/karriere\\\/\",\"name\":\"Regnskabselev - Meng &amp; Dyrb\u00f8l\",\"isPartOf\":{\"@id\":\"https:\\\/\\\/mengdyrboel.com\\\/#website\"},\"primaryImageOfPage\":{\"@id\":\"https:\\\/\\\/mengdyrboel.com\\\/karriere\\\/#primaryimage\"},\"image\":{\"@id\":\"https:\\\/\\\/mengdyrboel.com\\\/karriere\\\/#primaryimage\"},\"thumbnailUrl\":\"https:\\\/\\\/mengdyrboel.com\\\/wp-content\\\/uploads\\\/elementor\\\/thumbs\\\/Skaermbillede-2026-02-25-132113-rjoavqm9y0xu8018spcbs0vpqp35rpsp2n311jn5ie.png\",\"datePublished\":\"2025-01-07T07:34:58+00:00\",\"dateModified\":\"2026-03-10T13:37:04+00:00\",\"breadcrumb\":{\"@id\":\"https:\\\/\\\/mengdyrboel.com\\\/karriere\\\/#breadcrumb\"},\"inLanguage\":\"en-US\",\"potentialAction\":[{\"@type\":\"ReadAction\",\"target\":[\"https:\\\/\\\/mengdyrboel.com\\\/karriere\\\/\"]}]},{\"@type\":\"ImageObject\",\"inLanguage\":\"en-US\",\"@id\":\"https:\\\/\\\/mengdyrboel.com\\\/karriere\\\/#primaryimage\",\"url\":\"https:\\\/\\\/mengdyrboel.com\\\/wp-content\\\/uploads\\\/elementor\\\/thumbs\\\/Skaermbillede-2026-02-25-132113-rjoavqm9y0xu8018spcbs0vpqp35rpsp2n311jn5ie.png\",\"contentUrl\":\"https:\\\/\\\/mengdyrboel.com\\\/wp-content\\\/uploads\\\/elementor\\\/thumbs\\\/Skaermbillede-2026-02-25-132113-rjoavqm9y0xu8018spcbs0vpqp35rpsp2n311jn5ie.png\"},{\"@type\":\"BreadcrumbList\",\"@id\":\"https:\\\/\\\/mengdyrboel.com\\\/karriere\\\/#breadcrumb\",\"itemListElement\":[{\"@type\":\"ListItem\",\"position\":1,\"name\":\"Hjem\",\"item\":\"https:\\\/\\\/mengdyrboel.com\\\/\"},{\"@type\":\"ListItem\",\"position\":2,\"name\":\"Regnskabselev\"}]},{\"@type\":\"WebSite\",\"@id\":\"https:\\\/\\\/mengdyrboel.com\\\/#website\",\"url\":\"https:\\\/\\\/mengdyrboel.com\\\/\",\"name\":\"Meng & Dyrb\u00f8l\",\"description\":\"Your trusted finance partner\",\"publisher\":{\"@id\":\"https:\\\/\\\/mengdyrboel.com\\\/#organization\"},\"potentialAction\":[{\"@type\":\"SearchAction\",\"target\":{\"@type\":\"EntryPoint\",\"urlTemplate\":\"https:\\\/\\\/mengdyrboel.com\\\/?s={search_term_string}\"},\"query-input\":{\"@type\":\"PropertyValueSpecification\",\"valueRequired\":true,\"valueName\":\"search_term_string\"}}],\"inLanguage\":\"en-US\"},{\"@type\":\"Organization\",\"@id\":\"https:\\\/\\\/mengdyrboel.com\\\/#organization\",\"name\":\"Meng & Dyrb\u00f8l ApS\",\"url\":\"https:\\\/\\\/mengdyrboel.com\\\/\",\"logo\":{\"@type\":\"ImageObject\",\"inLanguage\":\"en-US\",\"@id\":\"https:\\\/\\\/mengdyrboel.com\\\/#\\\/schema\\\/logo\\\/image\\\/\",\"url\":\"https:\\\/\\\/mengdyrboel.com\\\/wp-content\\\/uploads\\\/2024\\\/09\\\/M-1.png\",\"contentUrl\":\"https:\\\/\\\/mengdyrboel.com\\\/wp-content\\\/uploads\\\/2024\\\/09\\\/M-1.png\",\"width\":500,\"height\":500,\"caption\":\"Meng & Dyrb\u00f8l ApS\"},\"image\":{\"@id\":\"https:\\\/\\\/mengdyrboel.com\\\/#\\\/schema\\\/logo\\\/image\\\/\"}}]}<\/script>\n<!-- \/ Yoast SEO plugin. -->","yoast_head_json":{"title":"Regnskabselev - Meng &amp; Dyrb\u00f8l","robots":{"index":"index","follow":"follow","max-snippet":"max-snippet:-1","max-image-preview":"max-image-preview:large","max-video-preview":"max-video-preview:-1"},"canonical":"https:\/\/mengdyrboel.com\/en\/karriere\/","og_locale":"en_US","og_type":"article","og_title":"Regnskabselev - Meng &amp; Dyrb\u00f8l","og_description":"\u00d8konomi- og Regnskabselev Er du vores nye \u00f8konomi- og regnskabselev? Vil du udvikle dig, have ansvar og koble din teoretiske [&hellip;]","og_url":"https:\/\/mengdyrboel.com\/en\/karriere\/","og_site_name":"Meng &amp; Dyrb\u00f8l","article_modified_time":"2026-03-10T13:37:04+00:00","og_image":[{"url":"https:\/\/mengdyrboel.com\/wp-content\/uploads\/elementor\/thumbs\/Skaermbillede-2026-02-25-132113-rjoavqm9y0xu8018spcbs0vpqp35rpsp2n311jn5ie.png","type":"","width":"","height":""}],"twitter_card":"summary_large_image","twitter_misc":{"Est. reading time":"3 minutes"},"schema":{"@context":"https:\/\/schema.org","@graph":[{"@type":"WebPage","@id":"https:\/\/mengdyrboel.com\/karriere\/","url":"https:\/\/mengdyrboel.com\/karriere\/","name":"Regnskabselev - Meng &amp; Dyrb\u00f8l","isPartOf":{"@id":"https:\/\/mengdyrboel.com\/#website"},"primaryImageOfPage":{"@id":"https:\/\/mengdyrboel.com\/karriere\/#primaryimage"},"image":{"@id":"https:\/\/mengdyrboel.com\/karriere\/#primaryimage"},"thumbnailUrl":"https:\/\/mengdyrboel.com\/wp-content\/uploads\/elementor\/thumbs\/Skaermbillede-2026-02-25-132113-rjoavqm9y0xu8018spcbs0vpqp35rpsp2n311jn5ie.png","datePublished":"2025-01-07T07:34:58+00:00","dateModified":"2026-03-10T13:37:04+00:00","breadcrumb":{"@id":"https:\/\/mengdyrboel.com\/karriere\/#breadcrumb"},"inLanguage":"en-US","potentialAction":[{"@type":"ReadAction","target":["https:\/\/mengdyrboel.com\/karriere\/"]}]},{"@type":"ImageObject","inLanguage":"en-US","@id":"https:\/\/mengdyrboel.com\/karriere\/#primaryimage","url":"https:\/\/mengdyrboel.com\/wp-content\/uploads\/elementor\/thumbs\/Skaermbillede-2026-02-25-132113-rjoavqm9y0xu8018spcbs0vpqp35rpsp2n311jn5ie.png","contentUrl":"https:\/\/mengdyrboel.com\/wp-content\/uploads\/elementor\/thumbs\/Skaermbillede-2026-02-25-132113-rjoavqm9y0xu8018spcbs0vpqp35rpsp2n311jn5ie.png"},{"@type":"BreadcrumbList","@id":"https:\/\/mengdyrboel.com\/karriere\/#breadcrumb","itemListElement":[{"@type":"ListItem","position":1,"name":"Hjem","item":"https:\/\/mengdyrboel.com\/"},{"@type":"ListItem","position":2,"name":"Regnskabselev"}]},{"@type":"WebSite","@id":"https:\/\/mengdyrboel.com\/#website","url":"https:\/\/mengdyrboel.com\/","name":"Meng & Dyrb\u00f8l","description":"Your trusted finance partner","publisher":{"@id":"https:\/\/mengdyrboel.com\/#organization"},"potentialAction":[{"@type":"SearchAction","target":{"@type":"EntryPoint","urlTemplate":"https:\/\/mengdyrboel.com\/?s={search_term_string}"},"query-input":{"@type":"PropertyValueSpecification","valueRequired":true,"valueName":"search_term_string"}}],"inLanguage":"en-US"},{"@type":"Organization","@id":"https:\/\/mengdyrboel.com\/#organization","name":"Meng & Dyrb\u00f8l ApS","url":"https:\/\/mengdyrboel.com\/","logo":{"@type":"ImageObject","inLanguage":"en-US","@id":"https:\/\/mengdyrboel.com\/#\/schema\/logo\/image\/","url":"https:\/\/mengdyrboel.com\/wp-content\/uploads\/2024\/09\/M-1.png","contentUrl":"https:\/\/mengdyrboel.com\/wp-content\/uploads\/2024\/09\/M-1.png","width":500,"height":500,"caption":"Meng & Dyrb\u00f8l ApS"},"image":{"@id":"https:\/\/mengdyrboel.com\/#\/schema\/logo\/image\/"}}]}},"_links":{"self":[{"href":"https:\/\/mengdyrboel.com\/en\/wp-json\/wp\/v2\/pages\/1204","targetHints":{"allow":["GET"]}}],"collection":[{"href":"https:\/\/mengdyrboel.com\/en\/wp-json\/wp\/v2\/pages"}],"about":[{"href":"https:\/\/mengdyrboel.com\/en\/wp-json\/wp\/v2\/types\/page"}],"author":[{"embeddable":true,"href":"https:\/\/mengdyrboel.com\/en\/wp-json\/wp\/v2\/users\/3"}],"replies":[{"embeddable":true,"href":"https:\/\/mengdyrboel.com\/en\/wp-json\/wp\/v2\/comments?post=1204"}],"version-history":[{"count":15,"href":"https:\/\/mengdyrboel.com\/en\/wp-json\/wp\/v2\/pages\/1204\/revisions"}],"predecessor-version":[{"id":2162,"href":"https:\/\/mengdyrboel.com\/en\/wp-json\/wp\/v2\/pages\/1204\/revisions\/2162"}],"wp:attachment":[{"href":"https:\/\/mengdyrboel.com\/en\/wp-json\/wp\/v2\/media?parent=1204"}],"curies":[{"name":"wp","href":"https:\/\/api.w.org\/{rel}","templated":true}]}}